{"id":11102,"date":"2023-12-19T13:32:32","date_gmt":"2023-12-19T13:32:32","guid":{"rendered":"https:\/\/yourtaximallorca.com\/transfers\/?page_id=11102"},"modified":"2023-12-19T15:09:13","modified_gmt":"2023-12-19T15:09:13","slug":"tu-servicio-de-taxi-en-mallorca","status":"publish","type":"page","link":"https:\/\/yourtaximallorca.com\/transfers\/es\/tu-servicio-de-taxi-en-mallorca\/","title":{"rendered":"Tu Servicio de Taxi en Mallorca"},"content":{"rendered":"<div class=\"wpb-content-wrapper\"><p>[vc_row][vc_column][vc_column_text]<\/p>\n<h2 style=\"text-align: center;\">Tu viaje comienza con nosotros<\/h2>\n<p>[\/vc_column_text][vc_column_text]<\/p>\n<p style=\"text-align: center;\">En <a href=\"https:\/\/yourtaximallorca.com\/es\/\">Your Taxi Mallorca<\/a>, entendemos la importancia de un viaje c\u00f3modo y sin complicaciones.<\/p>\n<p style=\"text-align: center;\">Ofrecemos <strong>servicios de taxi y transfer en Mallorca<\/strong>, conectando cada rinc\u00f3n de la isla con puntualidad y confianza.<\/p>\n<p>[\/vc_column_text][\/vc_column][\/vc_row][vc_row][vc_column][vc_empty_space][vc_column_text]<\/p>\n<h2 style=\"text-align: center;\">\u00bfPor qu\u00e9 elegirnos?<\/h2>\n<p>[\/vc_column_text][vc_row_inner][vc_column_inner width=\u00bb1\/2&#8243;][vc_single_image image=\u00bb10890&#8243; img_size=\u00bblarge\u00bb][\/vc_column_inner][vc_column_inner width=\u00bb1\/2&#8243;][vc_column_text]<\/p>\n<ul>\n<li style=\"padding: 10px 0;\"><strong>Recogida en el aeropuerto de Palma:<\/strong> Empieza tu visita a Mallorca con comodidad. Nuestro servicio de taxi desde el aeropuerto de Palma te garantiza un traslado directo y sin problemas a tu destino final. Sin colas ni esperas.<\/li>\n<li style=\"padding: 10px 0;\"><strong>Destinos en toda la isla:<\/strong> Desde las playas id\u00edlicas hasta los pueblos encantadores, llegamos a todos los destinos de Mallorca. Descubre la isla con la seguridad de contar con un transporte de confianza a tu alcance.<\/li>\n<li style=\"padding: 10px 0;\"><strong>Conductores profesionales y amables:<\/strong> Nuestros conductores est\u00e1n dedicados a brindar un servicio cordial y profesional. Conocen la isla como la palma de su mano, asegurando un viaje seguro y placentero.<\/li>\n<\/ul>\n<p>[\/vc_column_text][\/vc_column_inner][\/vc_row_inner][\/vc_column][\/vc_row][vc_row full_width=\u00bbstretch_row\u00bb bg_type=\u00bbbg_color\u00bb bg_color_value=\u00bb#0a112d\u00bb css=\u00bb.vc_custom_1702988270119{padding-top: 40px !important;padding-right: 0px !important;padding-bottom: 40px !important;padding-left: 0px !important;}\u00bb][vc_column][vc_empty_space][vc_column_text]<\/p>\n<h2 style=\"text-align: center; color: #ffffff;\">\u00bfC\u00f3mo reservar tu taxi en Mallorca?<\/h2>\n<p style=\"text-align: center; color: #ffffff;\">Reservar con yourtaximallorca.com es sencillo y r\u00e1pido<\/p>\n<p>[\/vc_column_text][vc_row_inner equal_height=\u00bbyes\u00bb gap=\u00bb35&#8243; css=\u00bb.vc_custom_1702988464452{margin-right: 100px !important;margin-left: 100px !important;}\u00bb][vc_column_inner width=\u00bb1\/3&#8243; css=\u00bb.vc_custom_1702988413685{padding-top: 40px !important;padding-right: 40px !important;padding-bottom: 40px !important;padding-left: 40px !important;background-color: #f4b700 !important;border-radius: 25px !important;}\u00bb][vc_column_text]<\/p>\n<h3 style=\"text-align: center;\"><a href=\"https:\/\/yourtaximallorca.com\/es\">1. RELLENA NUESTRO FORMULARIO<\/a><\/h3>\n<p>[\/vc_column_text][vc_column_text]<\/p>\n<p style=\"text-align: center; color: #ffffff;\">Selecciona tu ubicaci\u00f3n y destino en <a style=\"color: #ffffff;\" href=\"https:\/\/yourtaximallorca.com\/es\">nuestro sistema de reserva en l\u00ednea<\/a>.<\/p>\n<p>[\/vc_column_text][\/vc_column_inner][vc_column_inner width=\u00bb1\/3&#8243; css=\u00bb.vc_custom_1702988421508{padding-top: 40px !important;padding-right: 40px !important;padding-bottom: 40px !important;padding-left: 40px !important;background-color: #f4b700 !important;border-radius: 25px !important;}\u00bb][vc_column_text]<\/p>\n<h3 style=\"text-align: center;\">2. RECIBE LA CONFIRMACI\u00d3N EN TU CORREO<\/h3>\n<p>[\/vc_column_text][vc_column_text]<\/p>\n<p style=\"text-align: center; color: #ffffff;\">Te contestamos en menos de 24h con toda la informaci\u00f3n y detalles de tu traslado<\/p>\n<p>[\/vc_column_text][\/vc_column_inner][vc_column_inner width=\u00bb1\/3&#8243; css=\u00bb.vc_custom_1702988429309{padding-top: 40px !important;padding-right: 40px !important;padding-bottom: 40px !important;padding-left: 40px !important;background-color: #f4b700 !important;border-radius: 25px !important;}\u00bb][vc_column_text]<\/p>\n<h3 style=\"text-align: center;\">3. RECOGIDA EN EL LUGAR ACORDADO<\/h3>\n<p>[\/vc_column_text][vc_column_text]<\/p>\n<p style=\"text-align: center; color: #ffffff;\">Te recogemos y llevamos a tu destino con puntualidad y confianza.<\/p>\n<p>[\/vc_column_text][\/vc_column_inner][\/vc_row_inner][vc_empty_space][\/vc_column][\/vc_row][vc_row][vc_column][vc_empty_space][vc_column_text]<\/p>\n<h2 style=\"text-align: center;\">Nuestra Garant\u00eda<\/h2>\n<p>[\/vc_column_text][vc_row_inner content_placement=\u00bbmiddle\u00bb][vc_column_inner width=\u00bb1\/2&#8243;][vc_column_text]<\/p>\n<ul>\n<li style=\"padding: 10px 0;\"><strong>Puntualidad:<\/strong> Siempre llegamos a tiempo, garantizando que no pierdas ni un momento de tu tiempo en Mallorca.<\/li>\n<li style=\"padding: 10px 0;\"><strong>Comodidad:<\/strong> Nuestra flota de veh\u00edculos est\u00e1 dise\u00f1ada para ofrecer un viaje c\u00f3modo y relajante, sin importar la distancia.<\/li>\n<li style=\"padding: 10px 0;\"><strong>Atenci\u00f3n Personalizada:<\/strong> Estamos aqu\u00ed para satisfacer tus necesidades. \u00bfAlg\u00fan requisito especial? H\u00e1znoslo saber, y nos aseguraremos de que tu experiencia sea inolvidable.<\/li>\n<\/ul>\n<p>[\/vc_column_text][\/vc_column_inner][vc_column_inner width=\u00bb1\/2&#8243;][vc_single_image image=\u00bb10876&#8243; img_size=\u00bblarge\u00bb][\/vc_column_inner][\/vc_row_inner][\/vc_column][\/vc_row][vc_row full_width=\u00bbstretch_row\u00bb bg_type=\u00bbbg_color\u00bb css=\u00bb.vc_custom_1702991788645{padding-top: 80px !important;padding-right: 0px !important;padding-bottom: 80px !important;padding-left: 0px !important;}\u00bb bg_color_value=\u00bb#f4b700&#8243;][vc_column][vc_empty_space][vc_column_text]<\/p>\n<h2 style=\"text-align: center; color: #00092a;\">\u00a1Reserva ahora tu Taxi en Mallorca!<\/h2>\n<p>[\/vc_column_text][vc_column_text]<\/p>\n<p style=\"text-align: center; color: #000000;\">Descubre la comodidad de viajar con yourtaximallorca.com.<\/p>\n<p style=\"text-align: center; color: #000000;\">Reserva tu taxi en Mallorca hoy mismo y deja que nos encarguemos del resto. Tu satisfacci\u00f3n es nuestra prioridad.<\/p>\n<p>[\/vc_column_text]<div class=\" vc_custom_1702998547765 ubtn-ctn-center \"><a class=\"ubtn-link ult-adjust-bottom-margin ubtn-center ubtn-large \" href=\"https:\/\/yourtaximallorca.com\/es\" ><button type=\"button\" id=\"ubtn-1777\"  class=\"ubtn ult-adjust-bottom-margin ult-responsive ubtn-large ubtn-no-hover-bg  ulta-grow  ubtn-center   tooltip-69f0cf9245ad5\"  data-hover=\"\" data-border-color=\"\" data-bg=\"#0a112d\" data-hover-bg=\"\" data-border-hover=\"\" data-shadow-hover=\"\" data-shadow-click=\"none\" data-shadow=\"\" data-shd-shadow=\"\"  data-ultimate-target='#ubtn-1777'  data-responsive-json-new='{\"font-size\":\"desktop:26px;\",\"line-height\":\"\"}'  style=\"font-weight:bold;border:none;background: #0a112d;color: #ffffff;\"><span class=\"ubtn-hover\" style=\"background-color:\"><\/span><span class=\"ubtn-data ubtn-text \" >RESERVAR<\/span><\/button><\/a><\/div>[\/vc_column][\/vc_row]<\/p>\n<\/div>","protected":false},"excerpt":{"rendered":"<p>[vc_row][vc_column][vc_column_text] Tu viaje comienza con nosotros [\/vc_column_text][vc_column_text] En Your Taxi Mallorca, entendemos la importancia de un viaje c\u00f3modo y sin complicaciones. Ofrecemos servicios de taxi y transfer en Mallorca, conectando cada rinc\u00f3n de la isla con puntualidad y confianza. [\/vc_column_text][\/vc_column][\/vc_row][vc_row][vc_column][vc_empty_space][vc_column_text] \u00bfPor qu\u00e9 elegirnos? [\/vc_column_text][vc_row_inner][vc_column_inner width=\u00bb1\/2&#8243;][vc_single_image image=\u00bb10890&#8243; img_size=\u00bblarge\u00bb][\/vc_column_inner][vc_column_inner width=\u00bb1\/2&#8243;][vc_column_text] Recogida en el aeropuerto de Palma: Empieza&hellip;<\/p>\n","protected":false},"author":1,"featured_media":0,"parent":0,"menu_order":0,"comment_status":"closed","ping_status":"closed","template":"","meta":{"footnotes":""},"class_list":["post-11102","page","type-page","status-publish","hentry","description-off"],"yoast_head":"<!-- This site is optimized with the Yoast SEO plugin v21.5 - https:\/\/yoast.com\/wordpress\/plugins\/seo\/ -->\n<title>Tu Servicio de Taxi en Mallorca - yourtaximallorca<\/title>\n<meta name=\"description\" content=\"Viaja tranquilo con Your Taxi Mallorca. Reserva tu taxi desde el Aeropuerto de Palma con nosotros. Confiable y profesional, \u00a1tu viaje perfecto comienza aqu\u00ed!\" \/>\n<meta name=\"robots\" content=\"index, follow, max-snippet:-1, max-image-preview:large, max-video-preview:-1\" \/>\n<link rel=\"canonical\" href=\"https:\/\/yourtaximallorca.com\/transfers\/es\/tu-servicio-de-taxi-en-mallorca\/\" \/>\n<meta property=\"og:locale\" content=\"es_ES\" \/>\n<meta property=\"og:type\" content=\"article\" \/>\n<meta property=\"og:title\" content=\"Tu Servicio de Taxi en Mallorca - yourtaximallorca\" \/>\n<meta property=\"og:description\" content=\"Viaja tranquilo con Your Taxi Mallorca. Reserva tu taxi desde el Aeropuerto de Palma con nosotros. Confiable y profesional, \u00a1tu viaje perfecto comienza aqu\u00ed!\" \/>\n<meta property=\"og:url\" content=\"https:\/\/yourtaximallorca.com\/transfers\/es\/tu-servicio-de-taxi-en-mallorca\/\" \/>\n<meta property=\"og:site_name\" content=\"yourtaximallorca\" \/>\n<meta property=\"article:modified_time\" content=\"2023-12-19T15:09:13+00:00\" \/>\n<meta name=\"twitter:card\" content=\"summary_large_image\" \/>\n<meta name=\"twitter:label1\" content=\"Tiempo de lectura\" \/>\n\t<meta name=\"twitter:data1\" content=\"2 minutos\" \/>\n<script type=\"application\/ld+json\" class=\"yoast-schema-graph\">{\"@context\":\"https:\/\/schema.org\",\"@graph\":[{\"@type\":\"WebPage\",\"@id\":\"https:\/\/yourtaximallorca.com\/transfers\/es\/tu-servicio-de-taxi-en-mallorca\/\",\"url\":\"https:\/\/yourtaximallorca.com\/transfers\/es\/tu-servicio-de-taxi-en-mallorca\/\",\"name\":\"Tu Servicio de Taxi en Mallorca - yourtaximallorca\",\"isPartOf\":{\"@id\":\"https:\/\/yourtaximallorca.com\/transfers\/#website\"},\"datePublished\":\"2023-12-19T13:32:32+00:00\",\"dateModified\":\"2023-12-19T15:09:13+00:00\",\"description\":\"Viaja tranquilo con Your Taxi Mallorca. Reserva tu taxi desde el Aeropuerto de Palma con nosotros. Confiable y profesional, \u00a1tu viaje perfecto comienza aqu\u00ed!\",\"breadcrumb\":{\"@id\":\"https:\/\/yourtaximallorca.com\/transfers\/es\/tu-servicio-de-taxi-en-mallorca\/#breadcrumb\"},\"inLanguage\":\"es\",\"potentialAction\":[{\"@type\":\"ReadAction\",\"target\":[\"https:\/\/yourtaximallorca.com\/transfers\/es\/tu-servicio-de-taxi-en-mallorca\/\"]}]},{\"@type\":\"BreadcrumbList\",\"@id\":\"https:\/\/yourtaximallorca.com\/transfers\/es\/tu-servicio-de-taxi-en-mallorca\/#breadcrumb\",\"itemListElement\":[{\"@type\":\"ListItem\",\"position\":1,\"name\":\"Portada\",\"item\":\"https:\/\/yourtaximallorca.com\/transfers\/\"},{\"@type\":\"ListItem\",\"position\":2,\"name\":\"Tu Servicio de Taxi en Mallorca\"}]},{\"@type\":\"WebSite\",\"@id\":\"https:\/\/yourtaximallorca.com\/transfers\/#website\",\"url\":\"https:\/\/yourtaximallorca.com\/transfers\/\",\"name\":\"yourtaximallorca\",\"description\":\"Taxi Transfers Mallorca\",\"publisher\":{\"@id\":\"https:\/\/yourtaximallorca.com\/transfers\/#organization\"},\"potentialAction\":[{\"@type\":\"SearchAction\",\"target\":{\"@type\":\"EntryPoint\",\"urlTemplate\":\"https:\/\/yourtaximallorca.com\/transfers\/?s={search_term_string}\"},\"query-input\":\"required name=search_term_string\"}],\"inLanguage\":\"es\"},{\"@type\":\"Organization\",\"@id\":\"https:\/\/yourtaximallorca.com\/transfers\/#organization\",\"name\":\"Your Taxi Mallorca\",\"url\":\"https:\/\/yourtaximallorca.com\/transfers\/\",\"logo\":{\"@type\":\"ImageObject\",\"inLanguage\":\"es\",\"@id\":\"https:\/\/yourtaximallorca.com\/transfers\/#\/schema\/logo\/image\/\",\"url\":\"https:\/\/yourtaximallorca.com\/transfers\/wp-content\/uploads\/2022\/03\/yourtaximallorca-logo.png\",\"contentUrl\":\"https:\/\/yourtaximallorca.com\/transfers\/wp-content\/uploads\/2022\/03\/yourtaximallorca-logo.png\",\"width\":245,\"height\":82,\"caption\":\"Your Taxi Mallorca\"},\"image\":{\"@id\":\"https:\/\/yourtaximallorca.com\/transfers\/#\/schema\/logo\/image\/\"}}]}<\/script>\n<!-- \/ Yoast SEO plugin. -->","yoast_head_json":{"title":"Tu Servicio de Taxi en Mallorca - yourtaximallorca","description":"Viaja tranquilo con Your Taxi Mallorca. Reserva tu taxi desde el Aeropuerto de Palma con nosotros. Confiable y profesional, \u00a1tu viaje perfecto comienza aqu\u00ed!","robots":{"index":"index","follow":"follow","max-snippet":"max-snippet:-1","max-image-preview":"max-image-preview:large","max-video-preview":"max-video-preview:-1"},"canonical":"https:\/\/yourtaximallorca.com\/transfers\/es\/tu-servicio-de-taxi-en-mallorca\/","og_locale":"es_ES","og_type":"article","og_title":"Tu Servicio de Taxi en Mallorca - yourtaximallorca","og_description":"Viaja tranquilo con Your Taxi Mallorca. Reserva tu taxi desde el Aeropuerto de Palma con nosotros. Confiable y profesional, \u00a1tu viaje perfecto comienza aqu\u00ed!","og_url":"https:\/\/yourtaximallorca.com\/transfers\/es\/tu-servicio-de-taxi-en-mallorca\/","og_site_name":"yourtaximallorca","article_modified_time":"2023-12-19T15:09:13+00:00","twitter_card":"summary_large_image","twitter_misc":{"Tiempo de lectura":"2 minutos"},"schema":{"@context":"https:\/\/schema.org","@graph":[{"@type":"WebPage","@id":"https:\/\/yourtaximallorca.com\/transfers\/es\/tu-servicio-de-taxi-en-mallorca\/","url":"https:\/\/yourtaximallorca.com\/transfers\/es\/tu-servicio-de-taxi-en-mallorca\/","name":"Tu Servicio de Taxi en Mallorca - yourtaximallorca","isPartOf":{"@id":"https:\/\/yourtaximallorca.com\/transfers\/#website"},"datePublished":"2023-12-19T13:32:32+00:00","dateModified":"2023-12-19T15:09:13+00:00","description":"Viaja tranquilo con Your Taxi Mallorca. Reserva tu taxi desde el Aeropuerto de Palma con nosotros. Confiable y profesional, \u00a1tu viaje perfecto comienza aqu\u00ed!","breadcrumb":{"@id":"https:\/\/yourtaximallorca.com\/transfers\/es\/tu-servicio-de-taxi-en-mallorca\/#breadcrumb"},"inLanguage":"es","potentialAction":[{"@type":"ReadAction","target":["https:\/\/yourtaximallorca.com\/transfers\/es\/tu-servicio-de-taxi-en-mallorca\/"]}]},{"@type":"BreadcrumbList","@id":"https:\/\/yourtaximallorca.com\/transfers\/es\/tu-servicio-de-taxi-en-mallorca\/#breadcrumb","itemListElement":[{"@type":"ListItem","position":1,"name":"Portada","item":"https:\/\/yourtaximallorca.com\/transfers\/"},{"@type":"ListItem","position":2,"name":"Tu Servicio de Taxi en Mallorca"}]},{"@type":"WebSite","@id":"https:\/\/yourtaximallorca.com\/transfers\/#website","url":"https:\/\/yourtaximallorca.com\/transfers\/","name":"yourtaximallorca","description":"Taxi Transfers Mallorca","publisher":{"@id":"https:\/\/yourtaximallorca.com\/transfers\/#organization"},"potentialAction":[{"@type":"SearchAction","target":{"@type":"EntryPoint","urlTemplate":"https:\/\/yourtaximallorca.com\/transfers\/?s={search_term_string}"},"query-input":"required name=search_term_string"}],"inLanguage":"es"},{"@type":"Organization","@id":"https:\/\/yourtaximallorca.com\/transfers\/#organization","name":"Your Taxi Mallorca","url":"https:\/\/yourtaximallorca.com\/transfers\/","logo":{"@type":"ImageObject","inLanguage":"es","@id":"https:\/\/yourtaximallorca.com\/transfers\/#\/schema\/logo\/image\/","url":"https:\/\/yourtaximallorca.com\/transfers\/wp-content\/uploads\/2022\/03\/yourtaximallorca-logo.png","contentUrl":"https:\/\/yourtaximallorca.com\/transfers\/wp-content\/uploads\/2022\/03\/yourtaximallorca-logo.png","width":245,"height":82,"caption":"Your Taxi Mallorca"},"image":{"@id":"https:\/\/yourtaximallorca.com\/transfers\/#\/schema\/logo\/image\/"}}]}},"_links":{"self":[{"href":"https:\/\/yourtaximallorca.com\/transfers\/wp-json\/wp\/v2\/pages\/11102","targetHints":{"allow":["GET"]}}],"collection":[{"href":"https:\/\/yourtaximallorca.com\/transfers\/wp-json\/wp\/v2\/pages"}],"about":[{"href":"https:\/\/yourtaximallorca.com\/transfers\/wp-json\/wp\/v2\/types\/page"}],"author":[{"embeddable":true,"href":"https:\/\/yourtaximallorca.com\/transfers\/wp-json\/wp\/v2\/users\/1"}],"replies":[{"embeddable":true,"href":"https:\/\/yourtaximallorca.com\/transfers\/wp-json\/wp\/v2\/comments?post=11102"}],"version-history":[{"count":58,"href":"https:\/\/yourtaximallorca.com\/transfers\/wp-json\/wp\/v2\/pages\/11102\/revisions"}],"predecessor-version":[{"id":11164,"href":"https:\/\/yourtaximallorca.com\/transfers\/wp-json\/wp\/v2\/pages\/11102\/revisions\/11164"}],"wp:attachment":[{"href":"https:\/\/yourtaximallorca.com\/transfers\/wp-json\/wp\/v2\/media?parent=11102"}],"curies":[{"name":"wp","href":"https:\/\/api.w.org\/{rel}","templated":true}]}}