{"id":11167,"date":"2023-12-19T15:23:25","date_gmt":"2023-12-19T15:23:25","guid":{"rendered":"https:\/\/yourtaximallorca.com\/transfers\/?page_id=11167"},"modified":"2023-12-19T15:37:33","modified_gmt":"2023-12-19T15:37:33","slug":"ihr-taxi-auf-mallorca","status":"publish","type":"page","link":"https:\/\/yourtaximallorca.com\/transfers\/de\/ihr-taxi-auf-mallorca\/","title":{"rendered":"Ihr Taxi auf Mallorca"},"content":{"rendered":"<div class=\"wpb-content-wrapper\"><p>[vc_row][vc_column][vc_column_text]<\/p>\n<h2 style=\"text-align: center;\">Ihre Reise beginnt bei uns<\/h2>\n<p>[\/vc_column_text][vc_column_text]<\/p>\n<p style=\"text-align: center;\">Bei <a href=\"https:\/\/yourtaximallorca.com\/es\/\">Your Taxi Mallorca<\/a> wissen wir, wie wichtig eine komfortable und stressfreie Fahrt ist.<\/p>\n<p style=\"text-align: center;\">Wir bieten Taxi- und Transferdienste auf Mallorca an und verbinden jeden Winkel der Insel p\u00fcnktlich und zuverl\u00e4ssig.<\/p>\n<p>[\/vc_column_text][\/vc_column][\/vc_row][vc_row][vc_column][vc_empty_space][vc_column_text]<\/p>\n<h2 style=\"text-align: center;\">Warum uns w\u00e4hlen?<\/h2>\n<p>[\/vc_column_text][vc_row_inner][vc_column_inner width=\u00bb1\/2&#8243;][vc_single_image image=\u00bb10890&#8243; img_size=\u00bblarge\u00bb][\/vc_column_inner][vc_column_inner width=\u00bb1\/2&#8243;][vc_column_text]<\/p>\n<ul>\n<li style=\"padding: 10px 0;\"><strong>Abholung am Flughafen Palma:<\/strong> Beginnen Sie Ihren Mallorca-Besuch bequem. Unser Taxiservice vom Flughafen Palma garantiert Ihnen einen direkten und problemlosen Transfer zu Ihrem Zielort. Keine Warteschlangen oder Wartezeiten.<\/li>\n<li style=\"padding: 10px 0;\"><strong>Ziele auf der ganzen Insel:<\/strong> Von idyllischen Str\u00e4nden bis hin zu charmanten St\u00e4dten erreichen wir alle Ziele auf Mallorca. Entdecken Sie die Insel mit der Sicherheit, zuverl\u00e4ssige Transportm\u00f6glichkeiten zur Hand zu haben.<\/li>\n<li style=\"padding: 10px 0;\"><strong>Professionelle und freundliche Fahrer:<\/strong> Unsere Fahrer sind bestrebt, einen freundlichen und professionellen Service zu bieten. Sie kennen die Insel wie ihre Westentasche und sorgen f\u00fcr eine sichere und angenehme Reise.<\/li>\n<\/ul>\n<p>[\/vc_column_text][\/vc_column_inner][\/vc_row_inner][\/vc_column][\/vc_row][vc_row full_width=\u00bbstretch_row\u00bb bg_type=\u00bbbg_color\u00bb bg_color_value=\u00bb#0a112d\u00bb css=\u00bb.vc_custom_1702988270119{padding-top: 40px !important;padding-right: 0px !important;padding-bottom: 40px !important;padding-left: 0px !important;}\u00bb][vc_column][vc_empty_space][vc_column_text]<\/p>\n<h2 style=\"text-align: center; color: #ffffff;\">Wie buche ich mein Taxi auf Mallorca?<\/h2>\n<p style=\"text-align: center; color: #ffffff;\">Die Buchung bei yourtaximallorca.com ist einfach und schnell<\/p>\n<p>[\/vc_column_text][vc_row_inner equal_height=\u00bbyes\u00bb gap=\u00bb35&#8243; css=\u00bb.vc_custom_1702988464452{margin-right: 100px !important;margin-left: 100px !important;}\u00bb][vc_column_inner width=\u00bb1\/3&#8243; css=\u00bb.vc_custom_1702988413685{padding-top: 40px !important;padding-right: 40px !important;padding-bottom: 40px !important;padding-left: 40px !important;background-color: #f4b700 !important;border-radius: 25px !important;}\u00bb][vc_column_text]<\/p>\n<h3 style=\"text-align: center;\"><a href=\"https:\/\/yourtaximallorca.com\/de\">1. F\u00dcLLEN SIE UNSER FORMULAR AUS<\/a><\/h3>\n<p>[\/vc_column_text][vc_column_text]<\/p>\n<p style=\"text-align: center; color: #ffffff;\">W\u00e4hlen Sie Ihren Standort und Ihr Ziel in <a style=\"color: #ffffff;\" href=\"https:\/\/yourtaximallorca.com\/de\">unserem Online-Reservierungssystem aus<\/a>.<\/p>\n<p>[\/vc_column_text][\/vc_column_inner][vc_column_inner width=\u00bb1\/3&#8243; css=\u00bb.vc_custom_1702988421508{padding-top: 40px !important;padding-right: 40px !important;padding-bottom: 40px !important;padding-left: 40px !important;background-color: #f4b700 !important;border-radius: 25px !important;}\u00bb][vc_column_text]<\/p>\n<h3 style=\"text-align: center;\">2. ERHALTEN SIE EINE BEST\u00c4TIGUNG IN IHRER E-MAIL<\/h3>\n<p>[\/vc_column_text][vc_column_text]<\/p>\n<p style=\"text-align: center; color: #ffffff;\">Wir werden Ihnen in weniger als 24 Stunden mit allen Informationen und Details zu Ihrer \u00dcberweisung antworten<\/p>\n<p>[\/vc_column_text][\/vc_column_inner][vc_column_inner width=\u00bb1\/3&#8243; css=\u00bb.vc_custom_1702988429309{padding-top: 40px !important;padding-right: 40px !important;padding-bottom: 40px !important;padding-left: 40px !important;background-color: #f4b700 !important;border-radius: 25px !important;}\u00bb][vc_column_text]<\/p>\n<h3 style=\"text-align: center;\">3. ABHOLUNG AM VEREINBARTEN STANDORT<\/h3>\n<p>[\/vc_column_text][vc_column_text]<\/p>\n<p style=\"text-align: center; color: #ffffff;\">Wir holen Sie ab und bringen Sie p\u00fcnktlich und zuverl\u00e4ssig an Ihr Ziel.<\/p>\n<p>[\/vc_column_text][\/vc_column_inner][\/vc_row_inner][vc_empty_space][\/vc_column][\/vc_row][vc_row][vc_column][vc_empty_space][vc_column_text]<\/p>\n<h2 style=\"text-align: center;\">Unsere Garantie<\/h2>\n<p>[\/vc_column_text][vc_row_inner content_placement=\u00bbmiddle\u00bb][vc_column_inner width=\u00bb1\/2&#8243;][vc_column_text]<\/p>\n<ul>\n<li style=\"padding: 10px 0;\"><strong>P\u00fcnktlichkeit:<\/strong> Wir kommen immer p\u00fcnktlich an und sorgen daf\u00fcr, dass Sie keinen Moment Ihrer Zeit auf Mallorca verschwenden.<\/li>\n<li style=\"padding: 10px 0;\"><strong>Komfort:<\/strong> Unsere Fahrzeugflotte ist darauf ausgelegt, eine komfortable und entspannte Fahrt zu erm\u00f6glichen, unabh\u00e4ngig von der Entfernung.<\/li>\n<li style=\"padding: 10px 0;\"><strong>Pers\u00f6nliche Betreuung:<\/strong> Wir sind hier, um Ihre Bed\u00fcrfnisse zu befriedigen. Gibt es spezielle Anforderungen? Lassen Sie es uns wissen und wir sorgen daf\u00fcr, dass Ihr Erlebnis unvergesslich wird.<\/li>\n<\/ul>\n<p>[\/vc_column_text][\/vc_column_inner][vc_column_inner width=\u00bb1\/2&#8243;][vc_single_image image=\u00bb10876&#8243; img_size=\u00bblarge\u00bb][\/vc_column_inner][\/vc_row_inner][\/vc_column][\/vc_row][vc_row full_width=\u00bbstretch_row\u00bb bg_type=\u00bbbg_color\u00bb css=\u00bb.vc_custom_1702991788645{padding-top: 80px !important;padding-right: 0px !important;padding-bottom: 80px !important;padding-left: 0px !important;}\u00bb bg_color_value=\u00bb#f4b700&#8243;][vc_column][vc_empty_space][vc_column_text]<\/p>\n<h2 style=\"text-align: center; color: #00092a;\">Buchen Sie jetzt Ihr Taxi auf Mallorca!<\/h2>\n<p>[\/vc_column_text][vc_column_text]<\/p>\n<p style=\"text-align: center; color: #000000;\">Entdecken Sie den Komfort des Reisens mit yourtaximallorca.com<\/p>\n<p style=\"text-align: center; color: #000000;\">Buchen Sie noch heute Ihr Taxi auf Mallorca und \u00fcberlassen Sie uns den Rest. Ihre Zufriedenheit ist unsere Priorit\u00e4t.<\/p>\n<p>[\/vc_column_text]<div class=\" vc_custom_1702999378968 ubtn-ctn-center \"><a class=\"ubtn-link ult-adjust-bottom-margin ubtn-center ubtn-large \" href=\"https:\/\/yourtaximallorca.com\/de\" ><button type=\"button\" id=\"ubtn-6769\"  class=\"ubtn ult-adjust-bottom-margin ult-responsive ubtn-large ubtn-no-hover-bg  ulta-grow  ubtn-center   tooltip-69d37573213f0\"  data-hover=\"\" data-border-color=\"\" data-bg=\"#0a112d\" data-hover-bg=\"\" data-border-hover=\"\" data-shadow-hover=\"\" data-shadow-click=\"none\" data-shadow=\"\" data-shd-shadow=\"\"  data-ultimate-target='#ubtn-6769'  data-responsive-json-new='{\"font-size\":\"desktop:26px;\",\"line-height\":\"\"}'  style=\"font-weight:bold;border:none;background: #0a112d;color: #ffffff;\"><span class=\"ubtn-hover\" style=\"background-color:\"><\/span><span class=\"ubtn-data ubtn-text \" >RESERVIEREN<\/span><\/button><\/a><\/div>[\/vc_column][\/vc_row]<\/p>\n<\/div>","protected":false},"excerpt":{"rendered":"<p>[vc_row][vc_column][vc_column_text] Ihre Reise beginnt bei uns [\/vc_column_text][vc_column_text] Bei Your Taxi Mallorca wissen wir, wie wichtig eine komfortable und stressfreie Fahrt ist. Wir bieten Taxi- und Transferdienste auf Mallorca an und verbinden jeden Winkel der Insel p\u00fcnktlich und zuverl\u00e4ssig. [\/vc_column_text][\/vc_column][\/vc_row][vc_row][vc_column][vc_empty_space][vc_column_text] Warum uns w\u00e4hlen? [\/vc_column_text][vc_row_inner][vc_column_inner width=\u00bb1\/2&#8243;][vc_single_image image=\u00bb10890&#8243; img_size=\u00bblarge\u00bb][\/vc_column_inner][vc_column_inner width=\u00bb1\/2&#8243;][vc_column_text] Abholung am Flughafen Palma: Beginnen Sie Ihren Mallorca-Besuch&hellip;<\/p>\n","protected":false},"author":1,"featured_media":0,"parent":0,"menu_order":0,"comment_status":"closed","ping_status":"closed","template":"","meta":{"footnotes":""},"class_list":["post-11167","page","type-page","status-publish","hentry","description-off"],"yoast_head":"<!-- This site is optimized with the Yoast SEO plugin v21.5 - https:\/\/yoast.com\/wordpress\/plugins\/seo\/ -->\n<title>Ihr Taxi auf Mallorca - yourtaximallorca<\/title>\n<meta name=\"description\" content=\"Reisen Sie ruhig mit Ihrem Taxi Mallorca. Buchen Sie Ihr Taxi vom Flughafen Palma bei uns. Vertrauensw\u00fcrdig und professionell, Ihre perfekte Reise beginnt hier!\" \/>\n<meta name=\"robots\" content=\"index, follow, max-snippet:-1, max-image-preview:large, max-video-preview:-1\" \/>\n<link rel=\"canonical\" href=\"https:\/\/yourtaximallorca.com\/transfers\/de\/ihr-taxi-auf-mallorca\/\" \/>\n<meta property=\"og:locale\" content=\"es_ES\" \/>\n<meta property=\"og:type\" content=\"article\" \/>\n<meta property=\"og:title\" content=\"Ihr Taxi auf Mallorca - yourtaximallorca\" \/>\n<meta property=\"og:description\" content=\"Reisen Sie ruhig mit Ihrem Taxi Mallorca. Buchen Sie Ihr Taxi vom Flughafen Palma bei uns. Vertrauensw\u00fcrdig und professionell, Ihre perfekte Reise beginnt hier!\" \/>\n<meta property=\"og:url\" content=\"https:\/\/yourtaximallorca.com\/transfers\/de\/ihr-taxi-auf-mallorca\/\" \/>\n<meta property=\"og:site_name\" content=\"yourtaximallorca\" \/>\n<meta property=\"article:modified_time\" content=\"2023-12-19T15:37:33+00:00\" \/>\n<meta name=\"twitter:card\" content=\"summary_large_image\" \/>\n<meta name=\"twitter:label1\" content=\"Tiempo de lectura\" \/>\n\t<meta name=\"twitter:data1\" content=\"2 minutos\" \/>\n<script type=\"application\/ld+json\" class=\"yoast-schema-graph\">{\"@context\":\"https:\/\/schema.org\",\"@graph\":[{\"@type\":\"WebPage\",\"@id\":\"https:\/\/yourtaximallorca.com\/transfers\/de\/ihr-taxi-auf-mallorca\/\",\"url\":\"https:\/\/yourtaximallorca.com\/transfers\/de\/ihr-taxi-auf-mallorca\/\",\"name\":\"Ihr Taxi auf Mallorca - yourtaximallorca\",\"isPartOf\":{\"@id\":\"https:\/\/yourtaximallorca.com\/transfers\/#website\"},\"datePublished\":\"2023-12-19T15:23:25+00:00\",\"dateModified\":\"2023-12-19T15:37:33+00:00\",\"description\":\"Reisen Sie ruhig mit Ihrem Taxi Mallorca. Buchen Sie Ihr Taxi vom Flughafen Palma bei uns. Vertrauensw\u00fcrdig und professionell, Ihre perfekte Reise beginnt hier!\",\"breadcrumb\":{\"@id\":\"https:\/\/yourtaximallorca.com\/transfers\/de\/ihr-taxi-auf-mallorca\/#breadcrumb\"},\"inLanguage\":\"es\",\"potentialAction\":[{\"@type\":\"ReadAction\",\"target\":[\"https:\/\/yourtaximallorca.com\/transfers\/de\/ihr-taxi-auf-mallorca\/\"]}]},{\"@type\":\"BreadcrumbList\",\"@id\":\"https:\/\/yourtaximallorca.com\/transfers\/de\/ihr-taxi-auf-mallorca\/#breadcrumb\",\"itemListElement\":[{\"@type\":\"ListItem\",\"position\":1,\"name\":\"Portada\",\"item\":\"https:\/\/yourtaximallorca.com\/transfers\/\"},{\"@type\":\"ListItem\",\"position\":2,\"name\":\"Ihr Taxi auf Mallorca\"}]},{\"@type\":\"WebSite\",\"@id\":\"https:\/\/yourtaximallorca.com\/transfers\/#website\",\"url\":\"https:\/\/yourtaximallorca.com\/transfers\/\",\"name\":\"yourtaximallorca\",\"description\":\"Taxi Transfers Mallorca\",\"publisher\":{\"@id\":\"https:\/\/yourtaximallorca.com\/transfers\/#organization\"},\"potentialAction\":[{\"@type\":\"SearchAction\",\"target\":{\"@type\":\"EntryPoint\",\"urlTemplate\":\"https:\/\/yourtaximallorca.com\/transfers\/?s={search_term_string}\"},\"query-input\":\"required name=search_term_string\"}],\"inLanguage\":\"es\"},{\"@type\":\"Organization\",\"@id\":\"https:\/\/yourtaximallorca.com\/transfers\/#organization\",\"name\":\"Your Taxi Mallorca\",\"url\":\"https:\/\/yourtaximallorca.com\/transfers\/\",\"logo\":{\"@type\":\"ImageObject\",\"inLanguage\":\"es\",\"@id\":\"https:\/\/yourtaximallorca.com\/transfers\/#\/schema\/logo\/image\/\",\"url\":\"https:\/\/yourtaximallorca.com\/transfers\/wp-content\/uploads\/2022\/03\/yourtaximallorca-logo.png\",\"contentUrl\":\"https:\/\/yourtaximallorca.com\/transfers\/wp-content\/uploads\/2022\/03\/yourtaximallorca-logo.png\",\"width\":245,\"height\":82,\"caption\":\"Your Taxi Mallorca\"},\"image\":{\"@id\":\"https:\/\/yourtaximallorca.com\/transfers\/#\/schema\/logo\/image\/\"}}]}<\/script>\n<!-- \/ Yoast SEO plugin. -->","yoast_head_json":{"title":"Ihr Taxi auf Mallorca - yourtaximallorca","description":"Reisen Sie ruhig mit Ihrem Taxi Mallorca. Buchen Sie Ihr Taxi vom Flughafen Palma bei uns. Vertrauensw\u00fcrdig und professionell, Ihre perfekte Reise beginnt hier!","robots":{"index":"index","follow":"follow","max-snippet":"max-snippet:-1","max-image-preview":"max-image-preview:large","max-video-preview":"max-video-preview:-1"},"canonical":"https:\/\/yourtaximallorca.com\/transfers\/de\/ihr-taxi-auf-mallorca\/","og_locale":"es_ES","og_type":"article","og_title":"Ihr Taxi auf Mallorca - yourtaximallorca","og_description":"Reisen Sie ruhig mit Ihrem Taxi Mallorca. Buchen Sie Ihr Taxi vom Flughafen Palma bei uns. Vertrauensw\u00fcrdig und professionell, Ihre perfekte Reise beginnt hier!","og_url":"https:\/\/yourtaximallorca.com\/transfers\/de\/ihr-taxi-auf-mallorca\/","og_site_name":"yourtaximallorca","article_modified_time":"2023-12-19T15:37:33+00:00","twitter_card":"summary_large_image","twitter_misc":{"Tiempo de lectura":"2 minutos"},"schema":{"@context":"https:\/\/schema.org","@graph":[{"@type":"WebPage","@id":"https:\/\/yourtaximallorca.com\/transfers\/de\/ihr-taxi-auf-mallorca\/","url":"https:\/\/yourtaximallorca.com\/transfers\/de\/ihr-taxi-auf-mallorca\/","name":"Ihr Taxi auf Mallorca - yourtaximallorca","isPartOf":{"@id":"https:\/\/yourtaximallorca.com\/transfers\/#website"},"datePublished":"2023-12-19T15:23:25+00:00","dateModified":"2023-12-19T15:37:33+00:00","description":"Reisen Sie ruhig mit Ihrem Taxi Mallorca. Buchen Sie Ihr Taxi vom Flughafen Palma bei uns. Vertrauensw\u00fcrdig und professionell, Ihre perfekte Reise beginnt hier!","breadcrumb":{"@id":"https:\/\/yourtaximallorca.com\/transfers\/de\/ihr-taxi-auf-mallorca\/#breadcrumb"},"inLanguage":"es","potentialAction":[{"@type":"ReadAction","target":["https:\/\/yourtaximallorca.com\/transfers\/de\/ihr-taxi-auf-mallorca\/"]}]},{"@type":"BreadcrumbList","@id":"https:\/\/yourtaximallorca.com\/transfers\/de\/ihr-taxi-auf-mallorca\/#breadcrumb","itemListElement":[{"@type":"ListItem","position":1,"name":"Portada","item":"https:\/\/yourtaximallorca.com\/transfers\/"},{"@type":"ListItem","position":2,"name":"Ihr Taxi auf Mallorca"}]},{"@type":"WebSite","@id":"https:\/\/yourtaximallorca.com\/transfers\/#website","url":"https:\/\/yourtaximallorca.com\/transfers\/","name":"yourtaximallorca","description":"Taxi Transfers Mallorca","publisher":{"@id":"https:\/\/yourtaximallorca.com\/transfers\/#organization"},"potentialAction":[{"@type":"SearchAction","target":{"@type":"EntryPoint","urlTemplate":"https:\/\/yourtaximallorca.com\/transfers\/?s={search_term_string}"},"query-input":"required name=search_term_string"}],"inLanguage":"es"},{"@type":"Organization","@id":"https:\/\/yourtaximallorca.com\/transfers\/#organization","name":"Your Taxi Mallorca","url":"https:\/\/yourtaximallorca.com\/transfers\/","logo":{"@type":"ImageObject","inLanguage":"es","@id":"https:\/\/yourtaximallorca.com\/transfers\/#\/schema\/logo\/image\/","url":"https:\/\/yourtaximallorca.com\/transfers\/wp-content\/uploads\/2022\/03\/yourtaximallorca-logo.png","contentUrl":"https:\/\/yourtaximallorca.com\/transfers\/wp-content\/uploads\/2022\/03\/yourtaximallorca-logo.png","width":245,"height":82,"caption":"Your Taxi Mallorca"},"image":{"@id":"https:\/\/yourtaximallorca.com\/transfers\/#\/schema\/logo\/image\/"}}]}},"_links":{"self":[{"href":"https:\/\/yourtaximallorca.com\/transfers\/wp-json\/wp\/v2\/pages\/11167","targetHints":{"allow":["GET"]}}],"collection":[{"href":"https:\/\/yourtaximallorca.com\/transfers\/wp-json\/wp\/v2\/pages"}],"about":[{"href":"https:\/\/yourtaximallorca.com\/transfers\/wp-json\/wp\/v2\/types\/page"}],"author":[{"embeddable":true,"href":"https:\/\/yourtaximallorca.com\/transfers\/wp-json\/wp\/v2\/users\/1"}],"replies":[{"embeddable":true,"href":"https:\/\/yourtaximallorca.com\/transfers\/wp-json\/wp\/v2\/comments?post=11167"}],"version-history":[{"count":2,"href":"https:\/\/yourtaximallorca.com\/transfers\/wp-json\/wp\/v2\/pages\/11167\/revisions"}],"predecessor-version":[{"id":11169,"href":"https:\/\/yourtaximallorca.com\/transfers\/wp-json\/wp\/v2\/pages\/11167\/revisions\/11169"}],"wp:attachment":[{"href":"https:\/\/yourtaximallorca.com\/transfers\/wp-json\/wp\/v2\/media?parent=11167"}],"curies":[{"name":"wp","href":"https:\/\/api.w.org\/{rel}","templated":true}]}}